{"id":32262,"date":"2025-02-20T15:55:52","date_gmt":"2025-02-20T12:55:52","guid":{"rendered":"https:\/\/finleta.com\/?page_id=32262"},"modified":"2025-09-03T11:04:01","modified_gmt":"2025-09-03T08:04:01","slug":"medziagines-drobes","status":"publish","type":"page","link":"https:\/\/finleta.com\/lt\/medziagines-drobes\/","title":{"rendered":"Med\u017eiagin\u0117s (audinio) lubos"},"content":{"rendered":"<p>[vc_section el_class=&#8221;prices-table-section&#8221;][vc_row][vc_column][vc_column_text css=&#8221;.vc_custom_1740138931299{margin-bottom: 20px !important;}&#8221;]<\/p>\n<h2>Descor<\/h2>\n<p>[\/vc_column_text][vc_column_text]<\/p>\n<table style=\"width: 100%; height: 255px;\">\n<tbody>\n<tr style=\"height: 71px;\">\n<th style=\"text-align: center; height: 71px;\" width=\"212\"><strong>Pavadinimas<\/strong><\/th>\n<th style=\"text-align: center; height: 71px;\" width=\"142\"><strong>Ritinio plotis<\/strong><\/th>\n<th style=\"text-align: center; height: 71px;\" width=\"214\"><strong>Spalva<\/strong><\/th>\n<th style=\"text-align: center; height: 71px;\" width=\"68\"><strong>Kaina iki 700 m2<\/strong><\/th>\n<th style=\"text-align: center; height: 71px;\" width=\"64\"><strong>Kaina nuo 700 m2<\/strong><\/th>\n<\/tr>\n<tr style=\"height: 23px;\">\n<td style=\"height: 23px;\">Descor Premium<\/td>\n<td style=\"height: 23px;\">310 350 410 450 510<\/td>\n<td style=\"height: 23px;\">599130 &#8211; 00900 &#8211; 469 (\u0161ilta)<\/td>\n<td style=\"height: 23px;\">8,20<\/td>\n<td style=\"height: 23px;\">8,05<\/td>\n<\/tr>\n<tr style=\"height: 23px;\">\n<td style=\"height: 23px;\">Descor Premium<\/td>\n<td style=\"height: 23px;\">310 350 410 450 510<\/td>\n<td style=\"height: 23px;\">599130 &#8211; 00900 &#8211; 450 (\u0161altas)<\/td>\n<td style=\"height: 23px;\">8,20<\/td>\n<td style=\"height: 23px;\">8,05<\/td>\n<\/tr>\n<tr style=\"height: 23px;\">\n<td style=\"height: 23px;\">Descor Premium (DRY&amp;CLEAN)<\/td>\n<td style=\"height: 23px;\">310 350 410 450 510<\/td>\n<td style=\"height: 23px;\">599130 &#8211; 00900 &#8211; 469 (\u0161ilta)<\/td>\n<td style=\"height: 23px;\">8,55<\/td>\n<td style=\"height: 23px;\">8.42<\/td>\n<\/tr>\n<tr style=\"height: 23px;\">\n<td style=\"height: 23px;\">Descor Premium (DRY&amp;CLEAN)<\/td>\n<td style=\"height: 23px;\">310 350 410 450 510<\/td>\n<td style=\"height: 23px;\">599130 &#8211; 00900 &#8211; 450 (\u0161altas)<\/td>\n<td style=\"height: 23px;\">8,55<\/td>\n<td style=\"height: 23px;\">8.42<\/td>\n<\/tr>\n<tr style=\"height: 23px;\">\n<td style=\"height: 23px;\">Descor Premium Black<\/td>\n<td style=\"height: 23px;\">510<\/td>\n<td style=\"height: 23px;\">599130 &#8211; 00347-264<\/td>\n<td style=\"height: 23px;\" colspan=\"2\">11.19<\/td>\n<\/tr>\n<tr style=\"height: 23px;\">\n<td style=\"height: 23px;\">Descor Premium Translucid<\/td>\n<td style=\"height: 23px;\">505<\/td>\n<td style=\"height: 23px;\">599130 &#8211; 00900 &#8211; 173<\/td>\n<td style=\"height: 23px;\" colspan=\"2\">9,68<\/td>\n<\/tr>\n<tr style=\"height: 23px;\">\n<td style=\"height: 23px;\">Descor Premium Artist Mambo<\/td>\n<td style=\"height: 23px;\">505<\/td>\n<td style=\"height: 23px;\">Balta 564160-00900-137<\/td>\n<td style=\"height: 23px;\" colspan=\"2\">10,18<\/td>\n<\/tr>\n<tr style=\"height: 23px;\">\n<td style=\"height: 23px;\">Descor Premium Acoustic<\/td>\n<td style=\"height: 23px;\">510<\/td>\n<td style=\"height: 23px;\">Balta (699144-00900-085)<\/td>\n<td style=\"height: 23px;\" colspan=\"2\">12.71<\/td>\n<\/tr>\n<\/tbody>\n<\/table>\n<p>[\/vc_column_text][\/vc_column][\/vc_row][vc_row][vc_column][vc_column_text css=&#8221;.vc_custom_1740055515345{margin-bottom: 20px !important;}&#8221;]<\/p>\n<h2>Papildomos mokamos paslaugos<\/h2>\n<p>[\/vc_column_text][vc_column_text]<\/p>\n<table style=\"width: 100%;\">\n<tbody>\n<tr>\n<td colspan=\"3\" width=\"568\">\u012epakavimas (vyniojimas ant t\u016btos) 1 vnt.<\/td>\n<td colspan=\"2\" width=\"132\">12.10<\/td>\n<\/tr>\n<\/tbody>\n<\/table>\n<p>[\/vc_column_text][\/vc_column][\/vc_row][\/vc_section][vc_row][vc_column][vc_column_text]<\/p>\n<p style=\"text-align: center;\"><span style=\"font-size: 20px;\"><strong><em>D\u0117mesio yra svarbu!!!<\/em><\/strong><\/span><\/p>\n<p><span style=\"color: #ff0000;\"><strong><em>U\u017esakymai priimami: nuo pirmadienio iki sekmadienio: nuo 9.00 iki 20.00<\/em><\/strong><\/span><\/p>\n<p><span style=\"color: #ff0000;\"><strong><em>U\u017esakymai siun\u010diami pa\u0161tu: <\/em><\/strong><span style=\"color: #3366ff;\"><u>dealerfinleta@gmail.com<\/u><strong><em> arba Viber +370 677 17015<\/em><\/strong><\/span><\/span><\/p>\n<ul>\n<li><strong><em>Pabaigti kirpiniai pagal parai\u0161kas, priimtas nuo pirmadienio iki ketvirtadienio iki 20.00 val., i\u0161duodami kit\u0105 dien\u0105 nuo 8.00 iki 16.30, adresu <\/em><\/strong><strong><em>Vilkp\u0117d\u0117s g.6<\/em><\/strong><\/li>\n<li><strong><em>Baigti kirpiniai pagal u\u017esakymus, priimtus penktadien\u012f iki 18.00 val., i\u0161laiduojami \u0161e\u0161tadien\u012f nuo 9.00 iki 12.00, adresu <\/em><\/strong><strong><em>Vilkp\u0117d\u0117s g.6<\/em><\/strong><\/li>\n<li><strong><em>Baigti kirpiniaii pagal u\u017esakymus, gautus \u0161e\u0161tadien\u012f iki 20.00 val., i\u0161laiduojame pirmadien\u012f nuo 8.00 iki 16.30 val. adresu <\/em><\/strong><strong><em>Vilkp\u0117d\u0117s g.6<\/em><\/strong><\/li>\n<li><strong><em>Baigti kirpimai pagal u\u017esakymus, gautus sekmadien\u012f nuo 9.00 iki 20.00 val., i\u0161leid\u017eiami antradien\u012f nuo 8.00 iki 16.30, adresu<\/em><\/strong><strong><em>Vilkp\u0117d\u0117s g.6<\/em><\/strong><\/li>\n<li><strong><em>Deskor audini\u0173 kirpimai (prieinamumas pagal kainora\u0161t\u012f), u\u017esakymo \u012fvykdymo laikas 1 diena.<\/em><\/strong><\/li>\n<li><strong><em>Nuotrauk\u0173 spausdinimo ant audinio plo\u010dio (nuo 310 iki 510 cm) gavimo laikotarpis yra iki 15 darbo dien\u0173, patvirtinus maket\u0105.<\/em><\/strong><\/li>\n<\/ul>\n<p><span style=\"color: #ff0000;\"><strong><em>U\u017esakant spalvotus audinius (ret\u0173 spalv\u0173), vadybininkas informuos apie 7-10 dien\u0173 laukimo laikotarp\u012f po u\u017esakymo apmok\u0117jimo.<\/em><\/strong><\/span><\/p>\n<p style=\"text-align: center;\"><span style=\"font-size: 20px; color: #ff0000;\"><strong><em>Atkreipkite d\u0117mes\u012f!!!<\/em><\/strong><\/span><\/p>\n<ol>\n<li><strong><em>Teikdami parai\u0161k\u0105 nepamir\u0161kite pa\u017eym\u0117ti \u012fstri\u017eaini\u0173 tarp kamp\u0173 (jei kampas ne 90 laipsni\u0173). Jei n\u0117ra \u012fstri\u017eaini\u0173, \u012fmon\u0117 neatsako u\u017e konstrukcijos teisingum\u0105 ir d\u0117l to drob\u0117s pjovim\u0105. D\u0117l \u0161i\u0173 drobi\u0173 sk\u0173stis negalima.<\/em><\/strong><\/li>\n<li><strong><em>Teikdami parai\u0161k\u0105 pa\u017eym\u0117kite tuos audinius, kuriuos reikia kirpti i\u0161 vieno ritinio (audinys rulonuose gali skirtis gr\u016bd\u0117tumo dyd\u017eiu ir spalvos atspalviu). Jei \u0161io \u017eenklo n\u0117ra, \u012fmon\u0117 n\u0117ra atsakinga u\u017e audinio kirpim\u0105 ir parenka optimal\u0173 kirpimo variant\u0105. D\u0117l \u0161i\u0173 drobi\u0173 sk\u0173stis negalima.<\/em><\/strong><\/li>\n<li><strong><em>Skundus d\u0117l brokuot\u0173 drobi\u0173 svarstymas, drob\u0117s priimamos TIK sulankstytos (nesuglam\u017eytos) su \u0161iuo priedu:<\/em><\/strong><\/li>\n<\/ol>\n<p><strong><em>&#8211; maketas, nurodant defekt\u0105, taip pat nurodant defekto viet\u0105 pie\u0161inyje ir tiesiai ant drob\u0117s ra\u0161ikliu ar \u017eymekliu.<\/em><\/strong> <strong><em>Atkreipiame d\u0117mes\u012f, kad brokuot\u0173 drobi\u0173 perdirbimas vis tiek atliekamas TIK i\u0161siuntus lai\u0161k\u0105 el.pa\u0161tu: <strong><em>dealerfinleta@gmail.com<\/em><\/strong> <strong><em>su pastaba temoje &#8211; &#8222;Defekto drob\u0117s Nr., defekto pob\u016bdis (pakeitimo prie\u017eastis), PRIDEDANT FAIL\u0104!<\/em><\/strong><\/em><\/strong><\/p>\n<p><strong><em>Jei n\u0117ra galimyb\u0117s sulaukti ir i\u0161si\u0173sti \u012f lub\u0173 gamyb\u0105, detalias nuotraukas ir i\u0161sam\u0173 defekto pob\u016bd\u017eio apra\u0161ym\u0105 turite atsi\u0173sti<\/em><\/strong><span style=\"color: #3366ff;\"><strong><em>\u012f (Viber; WhatsApp; Telegram). +370 677 17015<\/em><\/strong><\/span><\/p>\n<p><span style=\"color: #ff0000;\"><strong><em>Audinys nuotrauk\u0173 spausdinimui turi b\u016bti atsi\u0173stas mums, kad gal\u0117tume i\u0161samiai apsvarstyti defekt\u0105!!!!!! Nauja drob\u0117 gaminama tik i\u0161samiai apsvars\u010dius!!!<\/em><\/strong><\/span><\/p>\n<ol start=\"4\">\n<li><strong><em>Si\u0173sdami lub\u0173 br\u0117\u017einius, nupie\u0161tus ant popieriaus lapo (nepastatyti programoje Easy Ceiling), nurodykite ai\u0161kiai u\u017era\u0161ytus matmenis. Ne\u012fskaitomai nurodant dyd\u012f: \u012fmon\u0117 negarantuoja drob\u0117s pristatymo auk\u0161\u010diau nurodytais terminais. Drob\u0117 siun\u010diama klientui patvirtinti ir tik gavus ra\u0161ti\u0161k\u0105 kliento patvirtinim\u0105, drob\u0117 siun\u010diama dirbti.<\/em><\/strong><\/li>\n<li><strong><em>Jei reikia <\/em><\/strong><span style=\"color: #ff0000;\"><strong><em>med\u017eiagin\u0117 pakuot\u0117 (vyniojimas ant vamzd\u017eio) <\/em><\/strong><\/span><strong><em>pra\u0161ome \u0161i\u0105 informacij\u0105 nurodyti br\u0117\u017einiuose, jei<\/em><\/strong> <strong><em>\u012fmon\u0117 neatsako!!!<\/em><\/strong><\/li>\n<li><strong><em>Bendrov\u0117, kliento pageidavimu, ant gatav\u0173 drobi\u0173 atspausdina kliento logotip\u0105 ir detales!!<\/em><\/strong><\/li>\n<\/ol>\n<p>&nbsp;<\/p>\n<p style=\"text-align: center;\"><span style=\"font-size: 24px;\"><strong><em>Pagarbiai, FINLETA kompanija<\/em><\/strong><\/span><\/p>\n<p>[\/vc_column_text][\/vc_column][\/vc_row]<\/p>\n","protected":false},"excerpt":{"rendered":"<p>[vc_section el_class=&#8221;prices-table-section&#8221;][vc_row][vc_column][vc_column_text css=&#8221;.vc_custom_1740138931299{margin-bottom: 20px !important;}&#8221;] Descor [\/vc_column_text][vc_column_text] Pavadinimas Ritinio plotis &#8230;<\/p>\n","protected":false},"author":1,"featured_media":0,"parent":0,"menu_order":12,"comment_status":"closed","ping_status":"closed","template":"","meta":{"inline_featured_image":false,"footnotes":""},"yst_prominent_words":[],"class_list":["post-32262","page","type-page","status-publish","hentry"],"_links":{"self":[{"href":"https:\/\/finleta.com\/lt\/wp-json\/wp\/v2\/pages\/32262","targetHints":{"allow":["GET"]}}],"collection":[{"href":"https:\/\/finleta.com\/lt\/wp-json\/wp\/v2\/pages"}],"about":[{"href":"https:\/\/finleta.com\/lt\/wp-json\/wp\/v2\/types\/page"}],"author":[{"embeddable":true,"href":"https:\/\/finleta.com\/lt\/wp-json\/wp\/v2\/users\/1"}],"replies":[{"embeddable":true,"href":"https:\/\/finleta.com\/lt\/wp-json\/wp\/v2\/comments?post=32262"}],"version-history":[{"count":12,"href":"https:\/\/finleta.com\/lt\/wp-json\/wp\/v2\/pages\/32262\/revisions"}],"predecessor-version":[{"id":36071,"href":"https:\/\/finleta.com\/lt\/wp-json\/wp\/v2\/pages\/32262\/revisions\/36071"}],"wp:attachment":[{"href":"https:\/\/finleta.com\/lt\/wp-json\/wp\/v2\/media?parent=32262"}],"wp:term":[{"taxonomy":"yst_prominent_words","embeddable":true,"href":"https:\/\/finleta.com\/lt\/wp-json\/wp\/v2\/yst_prominent_words?post=32262"}],"curies":[{"name":"wp","href":"https:\/\/api.w.org\/{rel}","templated":true}]}}